{"id":73,"date":"2021-12-12T04:43:37","date_gmt":"2021-12-12T04:43:37","guid":{"rendered":"https:\/\/asetecmin.com\/?page_id=73"},"modified":"2023-07-03T01:13:26","modified_gmt":"2023-07-03T01:13:26","slug":"__trashed","status":"publish","type":"page","link":"https:\/\/asetecmin.com\/index.php\/__trashed\/","title":{"rendered":"GALERIA"},"content":{"rendered":"<div data-colibri-id=\"73-c1\" class=\"style-473 style-local-73-c1 position-relative\">\n  <!---->\n  <div data-colibri-component=\"section\" data-colibri-id=\"73-c2\" id=\"initial-content\" class=\"h-section h-section-global-spacing d-flex align-items-lg-center align-items-md-center align-items-center style-474 style-local-73-c2 position-relative\">\n    <!---->\n    <!---->\n    <div class=\"h-separator\" style=\"height: 100px; bottom: calc(0px);\">\n      <svg style=\"fill:#03a9f4;\" xmlns=\"http:\/\/www.w3.org\/2000\/svg\" viewBox=\"0 0 1000 100\" preserveAspectRatio=\"none\">\n        <path class=\"svg-white-bg\" d=\"M737.9,94.7L0,0v100h1000V0L737.9,94.7z\"><\/path>\n      <\/svg>\n    <\/div>\n    <div class=\"h-section-grid-container h-section-boxed-container\">\n      <!---->\n      <div data-colibri-id=\"73-c3\" class=\"h-row-container gutters-row-lg-3 gutters-row-md-3 gutters-row-0 gutters-row-v-lg-3 gutters-row-v-md-3 gutters-row-v-3 style-479 style-local-73-c3 position-relative\">\n        <!---->\n        <div class=\"h-row justify-content-lg-center justify-content-md-center justify-content-center align-items-lg-stretch align-items-md-stretch align-items-stretch gutters-col-lg-3 gutters-col-md-3 gutters-col-0 gutters-col-v-lg-3 gutters-col-v-md-3 gutters-col-v-3\">\n          <!---->\n          <div class=\"h-column h-column-container d-flex h-col-lg-auto h-col-md-auto h-col-auto style-480-outer style-local-73-c4-outer\">\n            <div data-colibri-id=\"73-c4\" class=\"d-flex h-flex-basis h-column__inner h-px-lg-3 h-px-md-3 h-px-3 v-inner-lg-3 v-inner-md-3 v-inner-3 style-480 style-local-73-c4 position-relative\">\n              <!---->\n              <!---->\n              <div class=\"w-100 h-y-container h-column__content h-column__v-align flex-basis-100 align-self-lg-start align-self-md-start align-self-start\">\n                <!---->\n                <div data-colibri-id=\"73-c5\" class=\"d-block style-478 style-local-73-c5 position-relative h-element\">\n                  <!---->\n                  <div class=\"h-image__frame-container-outer\">\n                    <div class=\"h-image__frame-container\">\n                      <!---->\n                      <!---->\n                      <img decoding=\"async\" loading=\"lazy\" width=\"356\" height=\"471\" src=\"https:\/\/asetecmin.com\/wp-content\/uploads\/2021\/12\/cropped-spoutfeeder-2.png\" class=\"wp-image-863 style-478-image style-local-73-c5-image\" srcset=\"https:\/\/asetecmin.com\/wp-content\/uploads\/2021\/12\/cropped-spoutfeeder-2.png 356w, https:\/\/asetecmin.com\/wp-content\/uploads\/2021\/12\/cropped-spoutfeeder-2-227x300.png 227w\" sizes=\"(max-width: 356px) 100vw, 356px\" alt=\"\" \/>\n                      <div class=\"h-image__frame h-hide-lg h-hide-md h-hide-sm style-478-frameImage style-local-73-c5-frameImage\"><\/div>\n                    <\/div>\n                    <div class=\"style-478-caption style-local-73-c5-caption\">\n                      SPOUT FEEDER &#8211; AUMENTO EN ALIMENTACION DE MINERAL &#8211; SELLADO TOTAL DE FUGAS &#8211; DISE\u00d1O INNOVADOR\n                    <\/div>\n                  <\/div>\n                <\/div>\n                <div data-colibri-id=\"73-c6\" class=\"d-block style-481 style-local-73-c6 position-relative h-element\">\n                  <!---->\n                  <div class=\"h-image__frame-container-outer\">\n                    <div class=\"h-image__frame-container\">\n                      <!---->\n                      <!---->\n                      <img decoding=\"async\" loading=\"lazy\" width=\"2203\" height=\"1440\" src=\"http:\/\/asetecmin.com\/wp-content\/uploads\/2021\/12\/cropped-cropped-cropped-spoutfeeder-scaled-1.jpg\" class=\"wp-image-433 style-481-image style-local-73-c6-image\" srcset=\"https:\/\/asetecmin.com\/wp-content\/uploads\/2021\/12\/cropped-cropped-cropped-spoutfeeder-scaled-1.jpg 2203w, https:\/\/asetecmin.com\/wp-content\/uploads\/2021\/12\/cropped-cropped-cropped-spoutfeeder-scaled-1-600x392.jpg 600w, https:\/\/asetecmin.com\/wp-content\/uploads\/2021\/12\/cropped-cropped-cropped-spoutfeeder-scaled-1-300x196.jpg 300w, https:\/\/asetecmin.com\/wp-content\/uploads\/2021\/12\/cropped-cropped-cropped-spoutfeeder-scaled-1-1024x669.jpg 1024w, https:\/\/asetecmin.com\/wp-content\/uploads\/2021\/12\/cropped-cropped-cropped-spoutfeeder-scaled-1-768x502.jpg 768w, https:\/\/asetecmin.com\/wp-content\/uploads\/2021\/12\/cropped-cropped-cropped-spoutfeeder-scaled-1-1536x1004.jpg 1536w, https:\/\/asetecmin.com\/wp-content\/uploads\/2021\/12\/cropped-cropped-cropped-spoutfeeder-scaled-1-2048x1339.jpg 2048w\" sizes=\"(max-width: 2203px) 100vw, 2203px\" alt=\"asetecmin spout feeder molino de bolas\" \/>\n                      <div class=\"h-image__frame h-hide-lg h-hide-md h-hide-sm style-481-frameImage style-local-73-c6-frameImage\"><\/div>\n                    <\/div>\n                    <div class=\"style-481-caption style-local-73-c6-caption\">\n                      MENORES TIEMPOS DE INSPECCI\u00d3N, MANTENIMIENTO Y REINICIO DE OPERACI\u00d3N\n                    <\/div>\n                  <\/div>\n                <\/div>\n                <div data-colibri-id=\"73-c7\" class=\"d-block style-482 style-local-73-c7 position-relative h-element\">\n                  <!---->\n                  <div class=\"h-image__frame-container-outer\">\n                    <div class=\"h-image__frame-container\">\n                      <!---->\n                      <!---->\n                      <img decoding=\"async\" loading=\"lazy\" width=\"719\" height=\"539\" src=\"http:\/\/asetecmin.com\/wp-content\/uploads\/2021\/12\/cropped-CIRCUITO-DE-TRITURACION.png\" class=\"wp-image-442 style-482-image style-local-73-c7-image\" srcset=\"https:\/\/asetecmin.com\/wp-content\/uploads\/2021\/12\/cropped-CIRCUITO-DE-TRITURACION.png 719w, https:\/\/asetecmin.com\/wp-content\/uploads\/2021\/12\/cropped-CIRCUITO-DE-TRITURACION-600x450.png 600w, https:\/\/asetecmin.com\/wp-content\/uploads\/2021\/12\/cropped-CIRCUITO-DE-TRITURACION-300x225.png 300w\" sizes=\"(max-width: 719px) 100vw, 719px\" alt=\"TRITURACION ASETECMIN\" \/>\n                      <div class=\"h-image__frame h-hide-lg h-hide-md h-hide-sm style-482-frameImage style-local-73-c7-frameImage\"><\/div>\n                    <\/div>\n                    <div class=\"style-482-caption style-local-73-c7-caption\">\n                      DISE\u00d1O, MONTAJE Y AUTOMATIZACION DE SISTEMA DE TRITURACION &#8211; PLANTA DE FLOTACION\n                    <\/div>\n                  <\/div>\n                <\/div>\n              <\/div>\n            <\/div>\n          <\/div>\n        <\/div>\n      <\/div>\n      <div data-colibri-id=\"73-c8\" class=\"h-row-container gutters-row-lg-2 gutters-row-md-2 gutters-row-0 gutters-row-v-lg-2 gutters-row-v-md-2 gutters-row-v-2 style-483 style-local-73-c8 position-relative\">\n        <!---->\n        <div class=\"h-row justify-content-lg-center justify-content-md-center justify-content-center align-items-lg-stretch align-items-md-stretch align-items-stretch gutters-col-lg-2 gutters-col-md-2 gutters-col-0 gutters-col-v-lg-2 gutters-col-v-md-2 gutters-col-v-2\">\n          <!---->\n          <div class=\"h-column h-column-container d-flex h-col-lg-auto h-col-md-auto h-col-auto style-484-outer style-local-73-c9-outer\">\n            <div data-colibri-id=\"73-c9\" class=\"d-flex h-flex-basis h-column__inner h-px-lg-2 h-px-md-2 h-px-2 v-inner-lg-2 v-inner-md-2 v-inner-2 style-484 style-local-73-c9 position-relative\">\n              <!---->\n              <!---->\n              <div class=\"w-100 h-y-container h-column__content h-column__v-align flex-basis-100 align-self-lg-start align-self-md-start align-self-start\">\n                <!---->\n                <div data-colibri-id=\"73-c10\" class=\"d-block style-485 style-local-73-c10 position-relative h-element\">\n                  <!---->\n                  <div class=\"h-image__frame-container-outer\">\n                    <div class=\"h-image__frame-container\">\n                      <!---->\n                      <!---->\n                      <img decoding=\"async\" loading=\"lazy\" width=\"1280\" height=\"1280\" src=\"https:\/\/asetecmin.com\/wp-content\/uploads\/2023\/03\/cropped-alineacion-de-molino-de-bolas.jpeg\" class=\"wp-image-1331 style-485-image style-local-73-c10-image\" srcset=\"https:\/\/asetecmin.com\/wp-content\/uploads\/2023\/03\/cropped-alineacion-de-molino-de-bolas.jpeg 1280w, https:\/\/asetecmin.com\/wp-content\/uploads\/2023\/03\/cropped-alineacion-de-molino-de-bolas-300x300.jpeg 300w, https:\/\/asetecmin.com\/wp-content\/uploads\/2023\/03\/cropped-alineacion-de-molino-de-bolas-100x100.jpeg 100w, https:\/\/asetecmin.com\/wp-content\/uploads\/2023\/03\/cropped-alineacion-de-molino-de-bolas-600x600.jpeg 600w, https:\/\/asetecmin.com\/wp-content\/uploads\/2023\/03\/cropped-alineacion-de-molino-de-bolas-1024x1024.jpeg 1024w, https:\/\/asetecmin.com\/wp-content\/uploads\/2023\/03\/cropped-alineacion-de-molino-de-bolas-150x150.jpeg 150w, https:\/\/asetecmin.com\/wp-content\/uploads\/2023\/03\/cropped-alineacion-de-molino-de-bolas-768x768.jpeg 768w\" sizes=\"(max-width: 1280px) 100vw, 1280px\" alt=\"molino de bolas\" \/>\n                      <div class=\"h-image__frame h-hide-lg h-hide-md h-hide-sm style-485-frameImage style-local-73-c10-frameImage\"><\/div>\n                    <\/div>\n                    <div class=\"style-485-caption style-local-73-c10-caption\">\n                      MANTENIMIENTO DEL SISTEMA MOTRIZ DE UN MOLINO DE BOLAS\n                    <\/div>\n                  <\/div>\n                <\/div>\n              <\/div>\n            <\/div>\n          <\/div>\n        <\/div>\n      <\/div>\n      <div data-colibri-id=\"73-c11\" class=\"h-row-container gutters-row-lg-2 gutters-row-md-2 gutters-row-0 gutters-row-v-lg-2 gutters-row-v-md-2 gutters-row-v-2 style-486 style-local-73-c11 position-relative\">\n        <!---->\n        <div class=\"h-row justify-content-lg-center justify-content-md-center justify-content-center align-items-lg-stretch align-items-md-stretch align-items-stretch gutters-col-lg-2 gutters-col-md-2 gutters-col-0 gutters-col-v-lg-2 gutters-col-v-md-2 gutters-col-v-2\">\n          <!---->\n          <div class=\"h-column h-column-container d-flex h-col-lg-auto h-col-md-auto h-col-auto style-487-outer style-local-73-c12-outer\">\n            <div data-colibri-id=\"73-c12\" class=\"d-flex h-flex-basis h-column__inner h-px-lg-2 h-px-md-2 h-px-2 v-inner-lg-2 v-inner-md-2 v-inner-2 style-487 style-local-73-c12 position-relative\">\n              <!---->\n              <!---->\n              <div class=\"w-100 h-y-container h-column__content h-column__v-align flex-basis-100 align-self-lg-start align-self-md-start align-self-start\">\n                <!---->\n                <div data-colibri-id=\"73-c13\" class=\"d-block style-488 style-local-73-c13 position-relative h-element\">\n                  <!---->\n                  <div class=\"h-image__frame-container-outer\">\n                    <div class=\"h-image__frame-container\">\n                      <!---->\n                      <!---->\n                      <img decoding=\"async\" loading=\"lazy\" width=\"1271\" height=\"960\" src=\"http:\/\/asetecmin.com\/wp-content\/uploads\/2021\/12\/cropped-cropped-1634526319959.jpg\" class=\"wp-image-458 style-488-image style-local-73-c13-image\" srcset=\"https:\/\/asetecmin.com\/wp-content\/uploads\/2021\/12\/cropped-cropped-1634526319959.jpg 1271w, https:\/\/asetecmin.com\/wp-content\/uploads\/2021\/12\/cropped-cropped-1634526319959-600x453.jpg 600w, https:\/\/asetecmin.com\/wp-content\/uploads\/2021\/12\/cropped-cropped-1634526319959-300x227.jpg 300w, https:\/\/asetecmin.com\/wp-content\/uploads\/2021\/12\/cropped-cropped-1634526319959-1024x773.jpg 1024w, https:\/\/asetecmin.com\/wp-content\/uploads\/2021\/12\/cropped-cropped-1634526319959-768x580.jpg 768w\" sizes=\"(max-width: 1271px) 100vw, 1271px\" alt=\"belzona aluminas mineria\" \/>\n                      <div class=\"h-image__frame h-hide-lg h-hide-md h-hide-sm style-488-frameImage style-local-73-c13-frameImage\"><\/div>\n                    <\/div>\n                    <div class=\"style-488-caption style-local-73-c13-caption\">\n                      REVESTIMIENTO DE TUBERIA CONTRA LA ALTA ABRASION DE TRITURADOS Y PULPA\n                    <\/div>\n                  <\/div>\n                <\/div>\n                <div data-colibri-id=\"73-c14\" class=\"d-block style-489 style-local-73-c14 position-relative h-element\">\n                  <!---->\n                  <div class=\"h-image__frame-container-outer\">\n                    <div class=\"h-image__frame-container\">\n                      <!---->\n                      <!---->\n                      <img decoding=\"async\" loading=\"lazy\" width=\"1725\" height=\"1440\" src=\"http:\/\/asetecmin.com\/wp-content\/uploads\/2021\/12\/cropped-cropped-1634526083658-scaled-1.jpg\" class=\"wp-image-466 style-489-image style-local-73-c14-image\" srcset=\"https:\/\/asetecmin.com\/wp-content\/uploads\/2021\/12\/cropped-cropped-1634526083658-scaled-1.jpg 1725w, https:\/\/asetecmin.com\/wp-content\/uploads\/2021\/12\/cropped-cropped-1634526083658-scaled-1-600x501.jpg 600w, https:\/\/asetecmin.com\/wp-content\/uploads\/2021\/12\/cropped-cropped-1634526083658-scaled-1-300x250.jpg 300w, https:\/\/asetecmin.com\/wp-content\/uploads\/2021\/12\/cropped-cropped-1634526083658-scaled-1-1024x855.jpg 1024w, https:\/\/asetecmin.com\/wp-content\/uploads\/2021\/12\/cropped-cropped-1634526083658-scaled-1-768x641.jpg 768w, https:\/\/asetecmin.com\/wp-content\/uploads\/2021\/12\/cropped-cropped-1634526083658-scaled-1-1536x1282.jpg 1536w\" sizes=\"(max-width: 1725px) 100vw, 1725px\" alt=\"vulcanizado banda transportadora\" \/>\n                      <div class=\"h-image__frame h-hide-lg h-hide-md h-hide-sm style-489-frameImage style-local-73-c14-frameImage\"><\/div>\n                    <\/div>\n                    <div class=\"style-489-caption style-local-73-c14-caption\">\n                      VULCANIZADO EN CALIENTE &#8211; BANDA TRANSPORTADORA\n                    <\/div>\n                  <\/div>\n                <\/div>\n              <\/div>\n            <\/div>\n          <\/div>\n        <\/div>\n      <\/div>\n      <div data-colibri-id=\"73-c15\" class=\"h-row-container gutters-row-lg-2 gutters-row-md-2 gutters-row-0 gutters-row-v-lg-2 gutters-row-v-md-2 gutters-row-v-2 style-589 style-local-73-c15 position-relative\">\n        <!---->\n        <div class=\"h-row justify-content-lg-center justify-content-md-center justify-content-center align-items-lg-stretch align-items-md-stretch align-items-stretch gutters-col-lg-2 gutters-col-md-2 gutters-col-0 gutters-col-v-lg-2 gutters-col-v-md-2 gutters-col-v-2\">\n          <!---->\n          <div class=\"h-column h-column-container d-flex h-col-lg-auto h-col-md-auto h-col-auto style-590-outer style-local-73-c16-outer\">\n            <div data-colibri-id=\"73-c16\" class=\"d-flex h-flex-basis h-column__inner h-px-lg-2 h-px-md-2 h-px-2 v-inner-lg-2 v-inner-md-2 v-inner-2 style-590 style-local-73-c16 position-relative\">\n              <!---->\n              <!---->\n              <div class=\"w-100 h-y-container h-column__content h-column__v-align flex-basis-100 align-self-lg-start align-self-md-start align-self-start\">\n                <!---->\n                <div data-colibri-id=\"73-c17\" class=\"d-block style-591 style-local-73-c17 position-relative h-element\">\n                  <!---->\n                  <div class=\"h-image__frame-container-outer\">\n                    <div class=\"h-image__frame-container\">\n                      <!---->\n                      <!---->\n                      <img decoding=\"async\" loading=\"lazy\" width=\"1920\" height=\"1040\" src=\"https:\/\/asetecmin.com\/wp-content\/uploads\/2022\/01\/cropped-tendencias.jpg\" class=\"wp-image-1170 style-591-image style-local-73-c17-image\" srcset=\"https:\/\/asetecmin.com\/wp-content\/uploads\/2022\/01\/cropped-tendencias.jpg 1920w, https:\/\/asetecmin.com\/wp-content\/uploads\/2022\/01\/cropped-tendencias-600x325.jpg 600w, https:\/\/asetecmin.com\/wp-content\/uploads\/2022\/01\/cropped-tendencias-300x163.jpg 300w, https:\/\/asetecmin.com\/wp-content\/uploads\/2022\/01\/cropped-tendencias-1024x555.jpg 1024w, https:\/\/asetecmin.com\/wp-content\/uploads\/2022\/01\/cropped-tendencias-768x416.jpg 768w, https:\/\/asetecmin.com\/wp-content\/uploads\/2022\/01\/cropped-tendencias-1536x832.jpg 1536w\" sizes=\"(max-width: 1920px) 100vw, 1920px\" alt=\"monitoreo voltaje\" \/>\n                      <div class=\"h-image__frame h-hide-lg h-hide-md h-hide-sm style-591-frameImage style-local-73-c17-frameImage\"><\/div>\n                    <\/div>\n                    <div class=\"style-591-caption style-local-73-c17-caption\">\n                      MONITOREO DE VOLTAJE EN TIEMPO REAL\n                    <\/div>\n                  <\/div>\n                <\/div>\n                <div data-colibri-id=\"73-c18\" class=\"d-block style-592 style-local-73-c18 position-relative h-element\">\n                  <!---->\n                  <div class=\"h-image__frame-container-outer\">\n                    <div class=\"h-image__frame-container\">\n                      <!---->\n                      <!---->\n                      <img decoding=\"async\" loading=\"lazy\" width=\"1920\" height=\"1080\" src=\"https:\/\/asetecmin.com\/wp-content\/uploads\/2022\/01\/cropped-molienda.jpg\" class=\"wp-image-1185 style-592-image style-local-73-c18-image\" srcset=\"https:\/\/asetecmin.com\/wp-content\/uploads\/2022\/01\/cropped-molienda.jpg 1920w, https:\/\/asetecmin.com\/wp-content\/uploads\/2022\/01\/cropped-molienda-600x338.jpg 600w, https:\/\/asetecmin.com\/wp-content\/uploads\/2022\/01\/cropped-molienda-300x169.jpg 300w, https:\/\/asetecmin.com\/wp-content\/uploads\/2022\/01\/cropped-molienda-1024x576.jpg 1024w, https:\/\/asetecmin.com\/wp-content\/uploads\/2022\/01\/cropped-molienda-768x432.jpg 768w, https:\/\/asetecmin.com\/wp-content\/uploads\/2022\/01\/cropped-molienda-1536x864.jpg 1536w\" sizes=\"(max-width: 1920px) 100vw, 1920px\" alt=\"control molienda\" \/>\n                      <div class=\"h-image__frame h-hide-lg h-hide-md h-hide-sm style-592-frameImage style-local-73-c18-frameImage\"><\/div>\n                    <\/div>\n                    <div class=\"style-592-caption style-local-73-c18-caption\">\n                      MONITOREO DE PROCESO DE MOLIENDA\n                    <\/div>\n                  <\/div>\n                <\/div>\n              <\/div>\n            <\/div>\n          <\/div>\n        <\/div>\n      <\/div>\n      <div data-colibri-id=\"73-c19\" class=\"h-row-container gutters-row-lg-2 gutters-row-md-2 gutters-row-0 gutters-row-v-lg-2 gutters-row-v-md-2 gutters-row-v-2 style-593 style-local-73-c19 position-relative\">\n        <!---->\n        <div class=\"h-row justify-content-lg-center justify-content-md-center justify-content-center align-items-lg-stretch align-items-md-stretch align-items-stretch gutters-col-lg-2 gutters-col-md-2 gutters-col-0 gutters-col-v-lg-2 gutters-col-v-md-2 gutters-col-v-2\">\n          <!---->\n          <div class=\"h-column h-column-container d-flex h-col-lg-auto h-col-md-auto h-col-auto style-594-outer style-local-73-c20-outer\">\n            <div data-colibri-id=\"73-c20\" class=\"d-flex h-flex-basis h-column__inner h-px-lg-2 h-px-md-2 h-px-2 v-inner-lg-2 v-inner-md-2 v-inner-2 style-594 style-local-73-c20 position-relative\">\n              <!---->\n              <!---->\n              <div class=\"w-100 h-y-container h-column__content h-column__v-align flex-basis-100 align-self-lg-start align-self-md-start align-self-start\">\n                <!---->\n                <div data-colibri-id=\"73-c21\" class=\"d-block style-595 style-local-73-c21 position-relative h-element\">\n                  <!---->\n                  <div class=\"h-image__frame-container-outer\">\n                    <div class=\"h-image__frame-container\">\n                      <!---->\n                      <!---->\n                      <img decoding=\"async\" loading=\"lazy\" width=\"9240\" height=\"4304\" src=\"https:\/\/asetecmin.com\/wp-content\/uploads\/2022\/01\/cropped-TRANSPORTADOR-COMB.png\" class=\"wp-image-1214 style-595-image style-local-73-c21-image\" srcset=\"https:\/\/asetecmin.com\/wp-content\/uploads\/2022\/01\/cropped-TRANSPORTADOR-COMB.png 9240w, https:\/\/asetecmin.com\/wp-content\/uploads\/2022\/01\/cropped-TRANSPORTADOR-COMB-600x279.png 600w, https:\/\/asetecmin.com\/wp-content\/uploads\/2022\/01\/cropped-TRANSPORTADOR-COMB-300x140.png 300w, https:\/\/asetecmin.com\/wp-content\/uploads\/2022\/01\/cropped-TRANSPORTADOR-COMB-1024x477.png 1024w, https:\/\/asetecmin.com\/wp-content\/uploads\/2022\/01\/cropped-TRANSPORTADOR-COMB-768x358.png 768w, https:\/\/asetecmin.com\/wp-content\/uploads\/2022\/01\/cropped-TRANSPORTADOR-COMB-1536x715.png 1536w, https:\/\/asetecmin.com\/wp-content\/uploads\/2022\/01\/cropped-TRANSPORTADOR-COMB-2048x954.png 2048w\" sizes=\"(max-width: 9240px) 100vw, 9240px\" alt=\"transportador mineria\" \/>\n                      <div class=\"h-image__frame h-hide-lg h-hide-md h-hide-sm style-595-frameImage style-local-73-c21-frameImage\"><\/div>\n                    <\/div>\n                    <div class=\"style-595-caption style-local-73-c21-caption\">\n                      TRANSPORTADOR PARA TRITURADOS\n                    <\/div>\n                  <\/div>\n                <\/div>\n              <\/div>\n            <\/div>\n          <\/div>\n        <\/div>\n      <\/div>\n      <div data-colibri-id=\"73-c22\" class=\"h-row-container gutters-row-lg-2 gutters-row-md-2 gutters-row-0 gutters-row-v-lg-2 gutters-row-v-md-2 gutters-row-v-2 style-596 style-local-73-c22 position-relative\">\n        <!---->\n        <div class=\"h-row justify-content-lg-center justify-content-md-center justify-content-center align-items-lg-stretch align-items-md-stretch align-items-stretch gutters-col-lg-2 gutters-col-md-2 gutters-col-0 gutters-col-v-lg-2 gutters-col-v-md-2 gutters-col-v-2\">\n          <!---->\n          <div class=\"h-column h-column-container d-flex h-col-lg-auto h-col-md-auto h-col-auto style-597-outer style-local-73-c23-outer\">\n            <div data-colibri-id=\"73-c23\" class=\"d-flex h-flex-basis h-column__inner h-px-lg-2 h-px-md-2 h-px-2 v-inner-lg-2 v-inner-md-2 v-inner-2 style-597 style-local-73-c23 position-relative\">\n              <!---->\n              <!---->\n              <div class=\"w-100 h-y-container h-column__content h-column__v-align flex-basis-100 align-self-lg-start align-self-md-start align-self-start\">\n                <!---->\n                <div data-colibri-id=\"73-c24\" class=\"d-block style-598 style-local-73-c24 position-relative h-element\">\n                  <!---->\n                  <div class=\"h-image__frame-container-outer\">\n                    <div class=\"h-image__frame-container\">\n                      <!---->\n                      <!---->\n                      <img decoding=\"async\" loading=\"lazy\" width=\"2560\" height=\"1920\" src=\"https:\/\/asetecmin.com\/wp-content\/uploads\/2022\/01\/cropped-galpon-scaled-1.jpg\" class=\"wp-image-1223 style-598-image style-local-73-c24-image\" srcset=\"https:\/\/asetecmin.com\/wp-content\/uploads\/2022\/01\/cropped-galpon-scaled-1.jpg 2560w, https:\/\/asetecmin.com\/wp-content\/uploads\/2022\/01\/cropped-galpon-scaled-1-600x450.jpg 600w, https:\/\/asetecmin.com\/wp-content\/uploads\/2022\/01\/cropped-galpon-scaled-1-300x225.jpg 300w, https:\/\/asetecmin.com\/wp-content\/uploads\/2022\/01\/cropped-galpon-scaled-1-1024x768.jpg 1024w, https:\/\/asetecmin.com\/wp-content\/uploads\/2022\/01\/cropped-galpon-scaled-1-768x576.jpg 768w, https:\/\/asetecmin.com\/wp-content\/uploads\/2022\/01\/cropped-galpon-scaled-1-1536x1152.jpg 1536w, https:\/\/asetecmin.com\/wp-content\/uploads\/2022\/01\/cropped-galpon-scaled-1-2048x1536.jpg 2048w\" sizes=\"(max-width: 2560px) 100vw, 2560px\" alt=\"galpon\" \/>\n                      <div class=\"h-image__frame h-hide-lg h-hide-md h-hide-sm style-598-frameImage style-local-73-c24-frameImage\"><\/div>\n                    <\/div>\n                    <div class=\"style-598-caption style-local-73-c24-caption\">\n                      CONSTRUCCI\u00d3N DE GALPON\n                    <\/div>\n                  <\/div>\n                <\/div>\n              <\/div>\n            <\/div>\n          <\/div>\n        <\/div>\n      <\/div>\n    <\/div>\n  <\/div>\n<\/div>","protected":false},"excerpt":{"rendered":"<p>SPOUT FEEDER &#8211; AUMENTO EN ALIMENTACION DE MINERAL &#8211; SELLADO TOTAL DE FUGAS &#8211; DISE\u00d1O INNOVADOR MENORES TIEMPOS DE INSPECCI\u00d3N, MANTENIMIENTO Y REINICIO DE OPERACI\u00d3N DISE\u00d1O, MONTAJE Y AUTOMATIZACION DE SISTEMA DE TRITURACION &#8211; PLANTA DE FLOTACION MANTENIMIENTO DEL SISTEMA MOTRIZ DE UN MOLINO DE BOLAS REVESTIMIENTO DE TUBERIA CONTRA LA ALTA ABRASION DE TRITURADOS [&hellip;]<\/p>\n","protected":false},"author":1,"featured_media":0,"parent":0,"menu_order":2,"comment_status":"closed","ping_status":"closed","template":"page-templates\/full-width-page.php","meta":{"om_disable_all_campaigns":false,"_monsterinsights_skip_tracking":false,"_monsterinsights_sitenote_active":false,"_monsterinsights_sitenote_note":"","_monsterinsights_sitenote_category":0,"footnotes":""},"_links":{"self":[{"href":"https:\/\/asetecmin.com\/index.php\/wp-json\/wp\/v2\/pages\/73"}],"collection":[{"href":"https:\/\/asetecmin.com\/index.php\/wp-json\/wp\/v2\/pages"}],"about":[{"href":"https:\/\/asetecmin.com\/index.php\/wp-json\/wp\/v2\/types\/page"}],"author":[{"embeddable":true,"href":"https:\/\/asetecmin.com\/index.php\/wp-json\/wp\/v2\/users\/1"}],"replies":[{"embeddable":true,"href":"https:\/\/asetecmin.com\/index.php\/wp-json\/wp\/v2\/comments?post=73"}],"version-history":[{"count":20,"href":"https:\/\/asetecmin.com\/index.php\/wp-json\/wp\/v2\/pages\/73\/revisions"}],"predecessor-version":[{"id":1509,"href":"https:\/\/asetecmin.com\/index.php\/wp-json\/wp\/v2\/pages\/73\/revisions\/1509"}],"wp:attachment":[{"href":"https:\/\/asetecmin.com\/index.php\/wp-json\/wp\/v2\/media?parent=73"}],"curies":[{"name":"wp","href":"https:\/\/api.w.org\/{rel}","templated":true}]}}