{"id":185,"date":"2021-12-11T18:43:16","date_gmt":"2021-12-11T18:43:16","guid":{"rendered":"https:\/\/asetecmin.com\/?page_id=185"},"modified":"2023-03-25T15:27:48","modified_gmt":"2023-03-25T15:27:48","slug":"quienes-somos","status":"publish","type":"page","link":"https:\/\/asetecmin.com\/index.php\/quienes-somos\/","title":{"rendered":"QUIENES SOMOS"},"content":{"rendered":"<div data-colibri-id=\"185-c1\" class=\"style-423 style-local-185-c1 position-relative\">\n  <!---->\n  <div data-colibri-component=\"section\" data-colibri-id=\"185-c2\" id=\"about\" class=\"h-section h-section-global-spacing d-flex align-items-lg-center align-items-md-center align-items-center style-424 style-local-185-c2 position-relative\">\n    <!---->\n    <!---->\n    <div class=\"h-section-grid-container h-section-boxed-container\">\n      <!---->\n      <div data-colibri-id=\"185-c3\" class=\"h-row-container gutters-row-lg-0 gutters-row-md-0 gutters-row-0 gutters-row-v-lg-0 gutters-row-v-md-0 gutters-row-v-0 style-425 style-local-185-c3 position-relative\">\n        <!---->\n        <div class=\"h-row justify-content-lg-center justify-content-md-center justify-content-center align-items-lg-stretch align-items-md-stretch align-items-stretch gutters-col-lg-0 gutters-col-md-0 gutters-col-0 gutters-col-v-lg-0 gutters-col-v-md-0 gutters-col-v-0\">\n          <!---->\n          <div class=\"h-column h-column-container d-flex h-col-lg-auto h-col-md-auto h-col-auto style-426-outer style-local-185-c4-outer\">\n            <div data-colibri-id=\"185-c4\" class=\"d-flex h-flex-basis h-column__inner h-px-lg-0 h-px-md-0 h-px-0 v-inner-lg-0 v-inner-md-0 v-inner-0 style-426 style-local-185-c4 position-relative\">\n              <!---->\n              <!---->\n              <div class=\"w-100 h-y-container h-column__content h-column__v-align flex-basis-100 align-self-lg-start align-self-md-start align-self-start\">\n                <!---->\n                <div data-colibri-id=\"185-c5\" class=\"h-text h-text-component style-429 style-local-185-c5 position-relative h-element\">\n                  <!---->\n                  <!---->\n                  <div class=\"\">\n                    <p>\ud835\uddd4\ud835\udde6\ud835\uddd8\ud835\udde7\ud835\uddd8\ud835\uddd6\ud835\udde0\ud835\udddc\ud835\udde1 es una empresa formada con personal altamente capacitado y experiencia comprobada en la operaci\u00f3n y mantenimiento de Plantas de Procesamiento de Minerales y del Sector Industrial.<\/p>\n                    <p>Nuestro equipo de t\u00e9cnico cuenta con especialistas en dise\u00f1o y construcci\u00f3n de estructuras met\u00e1licas, electricidad, automatizaci\u00f3n y control, metalurgia, maquinaria pesada, manejo de relaves y bombas, etc. ofreciendo una soluci\u00f3n integral\n                      a las necesidades del cliente.<\/p>\n                    <p>Proporcionamos servicios de consultor\u00eda y ejecuci\u00f3n de proyectos industriales y mineros, con estudios de ingenier\u00eda b\u00e1sica para factibilidad de proyectos, ingenier\u00eda de detalle, ejecuci\u00f3n y puesta en marcha.&nbsp;<\/p>\n                    <p>\n                      <br>\n                    <\/p>\n                    <p>SERVICIOS<\/p>\n                    <p>\u2013 Dise\u00f1o y construcci\u00f3n de Plantas de Procesamiento de Minerales.<\/p>\n                    <p>\u2013 C\u00e1lculo, elaboraci\u00f3n de planos y ejecuci\u00f3n de infraestructuras met\u00e1licas.<\/p>\n                    <p>\u2013 C\u00e1lculo, elaboraci\u00f3n de planos y ejecuci\u00f3n de proyectos el\u00e9ctricos.<\/p>\n                    <p>\u2013 An\u00e1lisis y aumento de la eficiencia energ\u00e9tica de los procesos.<\/p>\n                    <p>\u2013 Aumento de capacidad de Trituraci\u00f3n, Molienda y Recuperaci\u00f3n de minerales de valor.<\/p>\n                    <p>\u2013 Redise\u00f1o de procesos.<\/p>\n                    <p>\u2013 Automatizaci\u00f3n y Control de procesos.<\/p>\n                    <p>\u2013 Mantenimiento especializado: mec\u00e1nico y el\u00e9ctrico.<\/p>\n                    <p>\u2013 Fiscalizaci\u00f3n de proyectos mineros e industriales.<\/p>\n                    <p>\u2013 Dise\u00f1o y construcci\u00f3n de Relaveras.<\/p>\n                    <p>\n                      <br>\n                    <\/p>\n                    <p>VENTA DE EQUIPOS Y CONSUMIBLES<\/p>\n                    <p>\n                      <br>\n                    <\/p>\n                    <p>ASETECMIN cuenta con representaciones de marcas internacionales y ofrecemos a nuestros clientes:<\/p>\n                    <p>&nbsp;&nbsp;&nbsp;&nbsp;\u2013 MOLINOS DE BOLAS, con el asesoramiento t\u00e9cnico y servicio post venta.<\/p>\n                    <p>&nbsp;&nbsp;&nbsp;&nbsp;\u2013 REVESTIMIENTOS\/FORROS PARA MOLINOS DE BOLAS; de la Fundidora EDUARDO S.A. con 49 a\u00f1os de experiencia en la fabricaci\u00f3n de elementos de desgaste para el sector minero e industrial.&nbsp;&nbsp;<\/p>\n                    <p>&nbsp;&nbsp;&nbsp;&nbsp;\u2013 TRITURADORA TWIN SHAFT MINERAL SIZER, de la marca inglesa MMD, patentado, para triturar mineral altamente h\u00famedo y pegajoso.<\/p>\n                    <p>&nbsp;&nbsp;&nbsp;&nbsp;\u2013 TRITURADORAS DE MANBIDULAS Y CONICAS.<\/p>\n                  <\/div>\n                <\/div>\n                <div data-colibri-id=\"185-c8\" class=\"h-x-container style-658 style-local-185-c8 position-relative h-element\">\n                  <!---->\n                  <div class=\"h-x-container-inner style-dynamic-185-c8-group style-658-spacing style-local-185-c8-spacing\"><span class=\"h-button__outer style-659-outer style-local-185-c9-outer d-inline-flex h-element\"><a h-use-smooth-scroll=\"true\" href=\"tel:+593964099647\"  data-colibri-id=\"185-c9\" class=\"d-flex w-100 align-items-center h-button justify-content-lg-center justify-content-md-center justify-content-center style-659 style-local-185-c9 position-relative\"><!----><!----> <span>LLAMAR<\/span><\/a>\n                    <\/span>\n                  <\/div>\n                <\/div>\n                <div data-colibri-id=\"185-c10\" class=\"h-x-container style-660 style-local-185-c10 position-relative h-element\">\n                  <!---->\n                  <div class=\"h-x-container-inner style-dynamic-185-c10-group style-660-spacing style-local-185-c10-spacing\"><span class=\"h-button__outer style-661-outer style-local-185-c11-outer d-inline-flex h-element\"><a h-use-smooth-scroll=\"true\" href=\"https:\/\/wa.me\/593999873249\"  data-colibri-id=\"185-c11\" class=\"d-flex w-100 align-items-center h-button justify-content-lg-center justify-content-md-center justify-content-center style-661 style-local-185-c11 position-relative\"><!----><!----> <span>WHATSAPP<\/span><\/a>\n                    <\/span>\n                  <\/div>\n                <\/div>\n              <\/div>\n            <\/div>\n          <\/div>\n        <\/div>\n      <\/div>\n    <\/div>\n  <\/div>\n<\/div>","protected":false},"excerpt":{"rendered":"<p>\ud835\uddd4\ud835\udde6\ud835\uddd8\ud835\udde7\ud835\uddd8\ud835\uddd6\ud835\udde0\ud835\udddc\ud835\udde1 es una empresa formada con personal altamente capacitado y experiencia comprobada en la operaci\u00f3n y mantenimiento de Plantas de Procesamiento de Minerales y del Sector Industrial. Nuestro equipo de t\u00e9cnico cuenta con especialistas en dise\u00f1o y construcci\u00f3n de estructuras met\u00e1licas, electricidad, automatizaci\u00f3n y control, metalurgia, maquinaria pesada, manejo de relaves y bombas, etc. ofreciendo [&hellip;]<\/p>\n","protected":false},"author":1,"featured_media":0,"parent":0,"menu_order":0,"comment_status":"closed","ping_status":"closed","template":"page-templates\/full-width-page.php","meta":{"om_disable_all_campaigns":false,"_monsterinsights_skip_tracking":false,"_monsterinsights_sitenote_active":false,"_monsterinsights_sitenote_note":"","_monsterinsights_sitenote_category":0,"footnotes":""},"_links":{"self":[{"href":"https:\/\/asetecmin.com\/index.php\/wp-json\/wp\/v2\/pages\/185"}],"collection":[{"href":"https:\/\/asetecmin.com\/index.php\/wp-json\/wp\/v2\/pages"}],"about":[{"href":"https:\/\/asetecmin.com\/index.php\/wp-json\/wp\/v2\/types\/page"}],"author":[{"embeddable":true,"href":"https:\/\/asetecmin.com\/index.php\/wp-json\/wp\/v2\/users\/1"}],"replies":[{"embeddable":true,"href":"https:\/\/asetecmin.com\/index.php\/wp-json\/wp\/v2\/comments?post=185"}],"version-history":[{"count":20,"href":"https:\/\/asetecmin.com\/index.php\/wp-json\/wp\/v2\/pages\/185\/revisions"}],"predecessor-version":[{"id":1450,"href":"https:\/\/asetecmin.com\/index.php\/wp-json\/wp\/v2\/pages\/185\/revisions\/1450"}],"wp:attachment":[{"href":"https:\/\/asetecmin.com\/index.php\/wp-json\/wp\/v2\/media?parent=185"}],"curies":[{"name":"wp","href":"https:\/\/api.w.org\/{rel}","templated":true}]}}